{"id":1837,"date":"2018-06-15T11:36:54","date_gmt":"2018-06-15T11:36:54","guid":{"rendered":"https:\/\/2018.villagertrud.dk\/lejligheder\/"},"modified":"2018-11-22T12:55:39","modified_gmt":"2018-11-22T12:55:39","slug":"wohnungen","status":"publish","type":"page","link":"https:\/\/www.villagertrud.dk\/de\/wohnungen\/","title":{"rendered":"Wohnungen"},"content":{"rendered":"","protected":false},"excerpt":{"rendered":"","protected":false},"author":1,"featured_media":0,"parent":0,"menu_order":0,"comment_status":"closed","ping_status":"closed","template":"page-builder.php","meta":{"_acf_changed":false,"footnotes":""},"class_list":["post-1837","page","type-page","status-publish","hentry"],"acf":[],"yoast_head":"<!-- This site is optimized with the Yoast SEO plugin v23.8 - https:\/\/yoast.com\/wordpress\/plugins\/seo\/ -->\n<title>Langzeitmiete von Wohnungen in Kolding - bezugsfertig<\/title>\n<meta name=\"description\" content=\"Wir bieten eine g\u00fcnstige und gem\u00fctliche Alternative zu Hotels, wo Sie Zugang zum Waschkeller, der K\u00fcche und den Parkpl\u00e4tzen vor der Haust\u00fcr haben\" \/>\n<meta name=\"robots\" content=\"index, follow, max-snippet:-1, max-image-preview:large, max-video-preview:-1\" \/>\n<link rel=\"canonical\" href=\"https:\/\/www.villagertrud.dk\/de\/wohnungen\/\" \/>\n<meta property=\"og:locale\" content=\"de_DE\" \/>\n<meta property=\"og:type\" content=\"article\" \/>\n<meta property=\"og:title\" content=\"Langzeitmiete von Wohnungen in Kolding - bezugsfertig\" \/>\n<meta property=\"og:description\" content=\"Wir bieten eine g\u00fcnstige und gem\u00fctliche Alternative zu Hotels, wo Sie Zugang zum Waschkeller, der K\u00fcche und den Parkpl\u00e4tzen vor der Haust\u00fcr haben\" \/>\n<meta property=\"og:url\" content=\"https:\/\/www.villagertrud.dk\/de\/wohnungen\/\" \/>\n<meta property=\"og:site_name\" content=\"Villa Gertrud\" \/>\n<meta property=\"article:modified_time\" content=\"2018-11-22T12:55:39+00:00\" \/>\n<meta name=\"twitter:card\" content=\"summary_large_image\" \/>\n<script type=\"application\/ld+json\" class=\"yoast-schema-graph\">{\"@context\":\"https:\/\/schema.org\",\"@graph\":[{\"@type\":\"WebPage\",\"@id\":\"https:\/\/www.villagertrud.dk\/de\/wohnungen\/\",\"url\":\"https:\/\/www.villagertrud.dk\/de\/wohnungen\/\",\"name\":\"Langzeitmiete von Wohnungen in Kolding - bezugsfertig\",\"isPartOf\":{\"@id\":\"https:\/\/www.villagertrud.dk\/de\/#website\"},\"datePublished\":\"2018-06-15T11:36:54+00:00\",\"dateModified\":\"2018-11-22T12:55:39+00:00\",\"description\":\"Wir bieten eine g\u00fcnstige und gem\u00fctliche Alternative zu Hotels, wo Sie Zugang zum Waschkeller, der K\u00fcche und den Parkpl\u00e4tzen vor der Haust\u00fcr haben\",\"breadcrumb\":{\"@id\":\"https:\/\/www.villagertrud.dk\/de\/wohnungen\/#breadcrumb\"},\"inLanguage\":\"de\",\"potentialAction\":[{\"@type\":\"ReadAction\",\"target\":[\"https:\/\/www.villagertrud.dk\/de\/wohnungen\/\"]}]},{\"@type\":\"BreadcrumbList\",\"@id\":\"https:\/\/www.villagertrud.dk\/de\/wohnungen\/#breadcrumb\",\"itemListElement\":[{\"@type\":\"ListItem\",\"position\":1,\"name\":\"Hjem\",\"item\":\"https:\/\/www.villagertrud.dk\/de\/\"},{\"@type\":\"ListItem\",\"position\":2,\"name\":\"Wohnungen\"}]},{\"@type\":\"WebSite\",\"@id\":\"https:\/\/www.villagertrud.dk\/de\/#website\",\"url\":\"https:\/\/www.villagertrud.dk\/de\/\",\"name\":\"Villa Gertrud\",\"description\":\"\",\"potentialAction\":[{\"@type\":\"SearchAction\",\"target\":{\"@type\":\"EntryPoint\",\"urlTemplate\":\"https:\/\/www.villagertrud.dk\/de\/?s={search_term_string}\"},\"query-input\":{\"@type\":\"PropertyValueSpecification\",\"valueRequired\":true,\"valueName\":\"search_term_string\"}}],\"inLanguage\":\"de\"}]}<\/script>\n<!-- \/ Yoast SEO plugin. -->","yoast_head_json":{"title":"Langzeitmiete von Wohnungen in Kolding - bezugsfertig","description":"Wir bieten eine g\u00fcnstige und gem\u00fctliche Alternative zu Hotels, wo Sie Zugang zum Waschkeller, der K\u00fcche und den Parkpl\u00e4tzen vor der Haust\u00fcr haben","robots":{"index":"index","follow":"follow","max-snippet":"max-snippet:-1","max-image-preview":"max-image-preview:large","max-video-preview":"max-video-preview:-1"},"canonical":"https:\/\/www.villagertrud.dk\/de\/wohnungen\/","og_locale":"de_DE","og_type":"article","og_title":"Langzeitmiete von Wohnungen in Kolding - bezugsfertig","og_description":"Wir bieten eine g\u00fcnstige und gem\u00fctliche Alternative zu Hotels, wo Sie Zugang zum Waschkeller, der K\u00fcche und den Parkpl\u00e4tzen vor der Haust\u00fcr haben","og_url":"https:\/\/www.villagertrud.dk\/de\/wohnungen\/","og_site_name":"Villa Gertrud","article_modified_time":"2018-11-22T12:55:39+00:00","twitter_card":"summary_large_image","schema":{"@context":"https:\/\/schema.org","@graph":[{"@type":"WebPage","@id":"https:\/\/www.villagertrud.dk\/de\/wohnungen\/","url":"https:\/\/www.villagertrud.dk\/de\/wohnungen\/","name":"Langzeitmiete von Wohnungen in Kolding - bezugsfertig","isPartOf":{"@id":"https:\/\/www.villagertrud.dk\/de\/#website"},"datePublished":"2018-06-15T11:36:54+00:00","dateModified":"2018-11-22T12:55:39+00:00","description":"Wir bieten eine g\u00fcnstige und gem\u00fctliche Alternative zu Hotels, wo Sie Zugang zum Waschkeller, der K\u00fcche und den Parkpl\u00e4tzen vor der Haust\u00fcr haben","breadcrumb":{"@id":"https:\/\/www.villagertrud.dk\/de\/wohnungen\/#breadcrumb"},"inLanguage":"de","potentialAction":[{"@type":"ReadAction","target":["https:\/\/www.villagertrud.dk\/de\/wohnungen\/"]}]},{"@type":"BreadcrumbList","@id":"https:\/\/www.villagertrud.dk\/de\/wohnungen\/#breadcrumb","itemListElement":[{"@type":"ListItem","position":1,"name":"Hjem","item":"https:\/\/www.villagertrud.dk\/de\/"},{"@type":"ListItem","position":2,"name":"Wohnungen"}]},{"@type":"WebSite","@id":"https:\/\/www.villagertrud.dk\/de\/#website","url":"https:\/\/www.villagertrud.dk\/de\/","name":"Villa Gertrud","description":"","potentialAction":[{"@type":"SearchAction","target":{"@type":"EntryPoint","urlTemplate":"https:\/\/www.villagertrud.dk\/de\/?s={search_term_string}"},"query-input":{"@type":"PropertyValueSpecification","valueRequired":true,"valueName":"search_term_string"}}],"inLanguage":"de"}]}},"_links":{"self":[{"href":"https:\/\/www.villagertrud.dk\/de\/wp-json\/wp\/v2\/pages\/1837"}],"collection":[{"href":"https:\/\/www.villagertrud.dk\/de\/wp-json\/wp\/v2\/pages"}],"about":[{"href":"https:\/\/www.villagertrud.dk\/de\/wp-json\/wp\/v2\/types\/page"}],"author":[{"embeddable":true,"href":"https:\/\/www.villagertrud.dk\/de\/wp-json\/wp\/v2\/users\/1"}],"replies":[{"embeddable":true,"href":"https:\/\/www.villagertrud.dk\/de\/wp-json\/wp\/v2\/comments?post=1837"}],"version-history":[{"count":6,"href":"https:\/\/www.villagertrud.dk\/de\/wp-json\/wp\/v2\/pages\/1837\/revisions"}],"predecessor-version":[{"id":1946,"href":"https:\/\/www.villagertrud.dk\/de\/wp-json\/wp\/v2\/pages\/1837\/revisions\/1946"}],"wp:attachment":[{"href":"https:\/\/www.villagertrud.dk\/de\/wp-json\/wp\/v2\/media?parent=1837"}],"curies":[{"name":"wp","href":"https:\/\/api.w.org\/{rel}","templated":true}]}}